{"id":25,"date":"2024-03-15T12:21:07","date_gmt":"2024-03-15T11:21:07","guid":{"rendered":"https:\/\/zielonecieplo.ostroda.pl\/?page_id=25"},"modified":"2024-03-27T11:05:21","modified_gmt":"2024-03-27T10:05:21","slug":"przetargi","status":"publish","type":"page","link":"https:\/\/zielonecieplo.ostroda.pl\/?page_id=25","title":{"rendered":"Przetargi"},"content":{"rendered":"\n<p><strong>Przedmiot przetargu:&nbsp;<\/strong>WYKONANIE ZADANIA POD NAZW\u0104 \u201eBUDOWA KOT\u0141OWNI GAZOWEJ WYSOKOTEMPERARATUROWEJ O MOCY 9,9 MW&#8221;<\/p>\n\n\n\n<p><strong>Typ przetargu:&nbsp;<\/strong>nieograniczony<\/p>\n\n\n\n<p><strong>Termin sk\u0142adania ofert:&nbsp;<\/strong>02 kwiecie\u0144 2024 r. do godziny 12:00.<\/p>\n\n\n\n<p>Dnia 18 marca 2024 o godz. 10:00 zaktualizowali\u015bmy plik &#8222;SWZ kot\u0142ownia gazowa.pdf&#8221;<\/p>\n\n\n\n<p>Dnia 18 marca 2024 o godz. 13:40 zaktualizowali\u015bmy plik \u201eSWZ kot\u0142ownia gazowa 18.03.2024.pdf<\/p>\n\n\n\n<p>Regulamin przetargu umieszczony w za\u0142\u0105czniku &#8222;<a href=\"http:\/\/zielonecieplo.ostroda.pl\/wp-content\/uploads\/2024\/03\/Zarzadzenie-1_2024-Regulamin.pdf\" target=\"_blank\" rel=\"noreferrer noopener\">Zarz\u0105dzenie 1_2024 Regulamin<\/a>&#8222;<\/p>\n","protected":false},"excerpt":{"rendered":"<p>Przedmiot przetargu:&nbsp;WYKONANIE ZADANIA POD NAZW\u0104 \u201eBUDOWA KOT\u0141OWNI GAZOWEJ WYSOKOTEMPERARATUROWEJ O MOCY 9,9 MW&#8221; Typ przetargu:&nbsp;nieograniczony Termin sk\u0142adania ofert:&nbsp;02 kwiecie\u0144 2024 r. do godziny 12:00. Dnia 18 marca 2024 o godz. 10:00 zaktualizowali\u015bmy plik &#8222;SWZ kot\u0142ownia gazowa.pdf&#8221; Dnia 18 marca 2024 o godz. 13:40 zaktualizowali\u015bmy plik \u201eSWZ kot\u0142ownia gazowa 18.03.2024.pdf Regulamin przetargu umieszczony w za\u0142\u0105czniku &#8222;Zarz\u0105dzenie 1_2024 Regulamin&#8222;<\/p>\n","protected":false},"author":1,"featured_media":0,"parent":0,"menu_order":0,"comment_status":"closed","ping_status":"closed","template":"","meta":{"footnotes":""},"class_list":["post-25","page","type-page","status-publish","hentry"],"_links":{"self":[{"href":"https:\/\/zielonecieplo.ostroda.pl\/index.php?rest_route=\/wp\/v2\/pages\/25","targetHints":{"allow":["GET"]}}],"collection":[{"href":"https:\/\/zielonecieplo.ostroda.pl\/index.php?rest_route=\/wp\/v2\/pages"}],"about":[{"href":"https:\/\/zielonecieplo.ostroda.pl\/index.php?rest_route=\/wp\/v2\/types\/page"}],"author":[{"embeddable":true,"href":"https:\/\/zielonecieplo.ostroda.pl\/index.php?rest_route=\/wp\/v2\/users\/1"}],"replies":[{"embeddable":true,"href":"https:\/\/zielonecieplo.ostroda.pl\/index.php?rest_route=%2Fwp%2Fv2%2Fcomments&post=25"}],"version-history":[{"count":7,"href":"https:\/\/zielonecieplo.ostroda.pl\/index.php?rest_route=\/wp\/v2\/pages\/25\/revisions"}],"predecessor-version":[{"id":51,"href":"https:\/\/zielonecieplo.ostroda.pl\/index.php?rest_route=\/wp\/v2\/pages\/25\/revisions\/51"}],"wp:attachment":[{"href":"https:\/\/zielonecieplo.ostroda.pl\/index.php?rest_route=%2Fwp%2Fv2%2Fmedia&parent=25"}],"curies":[{"name":"wp","href":"https:\/\/api.w.org\/{rel}","templated":true}]}}