{"id":59,"date":"2024-12-11T07:54:58","date_gmt":"2024-12-11T06:54:58","guid":{"rendered":"https:\/\/zielonecieplo.ostroda.pl\/?page_id=59"},"modified":"2024-12-11T09:18:54","modified_gmt":"2024-12-11T08:18:54","slug":"dotacje","status":"publish","type":"page","link":"https:\/\/zielonecieplo.ostroda.pl\/?page_id=59","title":{"rendered":"Dotacje"},"content":{"rendered":"\n<p><img loading=\"lazy\" decoding=\"async\" width=\"300\" height=\"47\" class=\"wp-image-61\" style=\"width: 300px;\" src=\"http:\/\/zielonecieplo.ostroda.pl\/wp-content\/uploads\/2024\/12\/WFOSiGW_logo-2-300x47-1.png\" alt=\"\"><br><strong>Nazwa zadania :<\/strong>&nbsp;\u201eWYKONANIE ZADANIA POD NAZW\u0104 \u201eBUDOWA KOT\u0141OWNI GAZOWEJ WYSOKOTEMPERARATUROWEJ O MOCY 9,9 MW\u201d<\/p>\n\n\n\n<p><strong>opis zadania:<\/strong><\/p>\n\n\n\n<p><strong>koszt kwalifikowany zadania :\u00a0<\/strong> 4 285 900,00 z\u0142<\/p>\n\n\n\n<p><strong>kwota oraz forma dofinansowania ze \u015brodk\u00f3w WFO\u015aiGW w Olsztynie:<\/strong>\u00a0po\u017cyczka w kwocie 2 271 657,00 z\u0142<\/p>\n\n\n\n<p><strong><em>Korzystamy z dofinansowania Wojew\u00f3dzkiego Funduszu Ochrony \u015arodowiska i Gospodarki Wodnej w Olsztynie<\/em><\/strong><\/p>\n\n\n\n<p><\/p>\n","protected":false},"excerpt":{"rendered":"<p>Nazwa zadania :&nbsp;\u201eWYKONANIE ZADANIA POD NAZW\u0104 \u201eBUDOWA KOT\u0141OWNI GAZOWEJ WYSOKOTEMPERARATUROWEJ O MOCY 9,9 MW\u201d opis zadania: koszt kwalifikowany zadania :\u00a0 4 285 900,00 z\u0142 kwota oraz forma dofinansowania ze \u015brodk\u00f3w WFO\u015aiGW w Olsztynie:\u00a0po\u017cyczka w kwocie 2 271 657,00 z\u0142 Korzystamy z dofinansowania Wojew\u00f3dzkiego Funduszu Ochrony \u015arodowiska i Gospodarki Wodnej w Olsztynie<\/p>\n","protected":false},"author":1,"featured_media":0,"parent":0,"menu_order":0,"comment_status":"closed","ping_status":"closed","template":"","meta":{"footnotes":""},"class_list":["post-59","page","type-page","status-publish","hentry"],"_links":{"self":[{"href":"https:\/\/zielonecieplo.ostroda.pl\/index.php?rest_route=\/wp\/v2\/pages\/59","targetHints":{"allow":["GET"]}}],"collection":[{"href":"https:\/\/zielonecieplo.ostroda.pl\/index.php?rest_route=\/wp\/v2\/pages"}],"about":[{"href":"https:\/\/zielonecieplo.ostroda.pl\/index.php?rest_route=\/wp\/v2\/types\/page"}],"author":[{"embeddable":true,"href":"https:\/\/zielonecieplo.ostroda.pl\/index.php?rest_route=\/wp\/v2\/users\/1"}],"replies":[{"embeddable":true,"href":"https:\/\/zielonecieplo.ostroda.pl\/index.php?rest_route=%2Fwp%2Fv2%2Fcomments&post=59"}],"version-history":[{"count":4,"href":"https:\/\/zielonecieplo.ostroda.pl\/index.php?rest_route=\/wp\/v2\/pages\/59\/revisions"}],"predecessor-version":[{"id":70,"href":"https:\/\/zielonecieplo.ostroda.pl\/index.php?rest_route=\/wp\/v2\/pages\/59\/revisions\/70"}],"wp:attachment":[{"href":"https:\/\/zielonecieplo.ostroda.pl\/index.php?rest_route=%2Fwp%2Fv2%2Fmedia&parent=59"}],"curies":[{"name":"wp","href":"https:\/\/api.w.org\/{rel}","templated":true}]}}